{"id":659,"date":"2025-12-11T11:34:49","date_gmt":"2025-12-11T11:34:49","guid":{"rendered":"https:\/\/vikoatributika.lt\/?post_type=product&#038;p=659"},"modified":"2026-04-10T05:49:10","modified_gmt":"2026-04-10T05:49:10","slug":"viko-metaline-gertuve","status":"publish","type":"product","link":"https:\/\/vikoatributika.lt\/en\/produktas\/viko-metaline-gertuve\/","title":{"rendered":"VIKO metalin\u0117 gertuv\u0117"},"content":{"rendered":"<p>Ner\u016bdijan\u010dio plieno gertuv\u0117 su graviruotu Vilniaus kolegijos logotipu;<\/p>\n<p>700 ml talpos.<\/p>\n","protected":false},"excerpt":{"rendered":"<p>Ner\u016bdijan\u010dio plieno gertuv\u0117 su graviruotu Vilniaus kolegijos logotipu; 700 ml talpos.<\/p>\n","protected":false},"featured_media":684,"comment_status":"open","ping_status":"closed","template":"","meta":[],"product_brand":[],"product_cat":[35],"product_tag":[],"class_list":{"0":"post-659","1":"product","2":"type-product","3":"status-publish","4":"has-post-thumbnail","6":"product_cat-suvenyrai","8":"first","9":"instock","10":"taxable","11":"shipping-taxable","12":"purchasable","13":"product-type-simple"},"_links":{"self":[{"href":"https:\/\/vikoatributika.lt\/en\/wp-json\/wp\/v2\/product\/659","targetHints":{"allow":["GET"]}}],"collection":[{"href":"https:\/\/vikoatributika.lt\/en\/wp-json\/wp\/v2\/product"}],"about":[{"href":"https:\/\/vikoatributika.lt\/en\/wp-json\/wp\/v2\/types\/product"}],"replies":[{"embeddable":true,"href":"https:\/\/vikoatributika.lt\/en\/wp-json\/wp\/v2\/comments?post=659"}],"version-history":[{"count":1,"href":"https:\/\/vikoatributika.lt\/en\/wp-json\/wp\/v2\/product\/659\/revisions"}],"predecessor-version":[{"id":664,"href":"https:\/\/vikoatributika.lt\/en\/wp-json\/wp\/v2\/product\/659\/revisions\/664"}],"wp:featuredmedia":[{"embeddable":true,"href":"https:\/\/vikoatributika.lt\/en\/wp-json\/wp\/v2\/media\/684"}],"wp:attachment":[{"href":"https:\/\/vikoatributika.lt\/en\/wp-json\/wp\/v2\/media?parent=659"}],"wp:term":[{"taxonomy":"product_brand","embeddable":true,"href":"https:\/\/vikoatributika.lt\/en\/wp-json\/wp\/v2\/product_brand?post=659"},{"taxonomy":"product_cat","embeddable":true,"href":"https:\/\/vikoatributika.lt\/en\/wp-json\/wp\/v2\/product_cat?post=659"},{"taxonomy":"product_tag","embeddable":true,"href":"https:\/\/vikoatributika.lt\/en\/wp-json\/wp\/v2\/product_tag?post=659"}],"curies":[{"name":"wp","href":"https:\/\/api.w.org\/{rel}","templated":true}]}}