{"id":665,"date":"2025-12-11T11:41:01","date_gmt":"2025-12-11T11:41:01","guid":{"rendered":"https:\/\/vikoatributika.lt\/?post_type=product&#038;p=665"},"modified":"2026-02-19T09:25:19","modified_gmt":"2026-02-19T09:25:19","slug":"viko-metalinis-tusinukas","status":"publish","type":"product","link":"https:\/\/vikoatributika.lt\/en\/produktas\/viko-metalinis-tusinukas\/","title":{"rendered":"VIKO metalinis tu\u0161inukas"},"content":{"rendered":"<p>Automatinis tu\u0161inukas kasdieniniam naudojimui;<br \/>\nPagamintas i\u0161 aliuminio;<br \/>\nPatogus naudoti \u2013 u\u017etikrina lengv\u0105 ir mink\u0161t\u0105 ra\u0161ym\u0105;<br \/>\n\u0160erdel\u0117s spalva: m\u0117lyna;<br \/>\nKorpuso spalva: m\u0117lyna;<br \/>\nLogotipas graviruotas.<\/p>\n","protected":false},"excerpt":{"rendered":"<p>Automatinis tu\u0161inukas kasdieniniam naudojimui; Pagamintas i\u0161 aliuminio; Patogus naudoti \u2013 u\u017etikrina lengv\u0105 ir mink\u0161t\u0105 ra\u0161ym\u0105; \u0160erdel\u0117s spalva: m\u0117lyna; Korpuso spalva:<\/p>\n","protected":false},"featured_media":695,"comment_status":"open","ping_status":"closed","template":"","meta":[],"product_brand":[],"product_cat":[35],"product_tag":[],"class_list":{"0":"post-665","1":"product","2":"type-product","3":"status-publish","4":"has-post-thumbnail","6":"product_cat-suvenyrai","8":"first","9":"instock","10":"taxable","11":"shipping-taxable","12":"purchasable","13":"product-type-simple"},"_links":{"self":[{"href":"https:\/\/vikoatributika.lt\/en\/wp-json\/wp\/v2\/product\/665","targetHints":{"allow":["GET"]}}],"collection":[{"href":"https:\/\/vikoatributika.lt\/en\/wp-json\/wp\/v2\/product"}],"about":[{"href":"https:\/\/vikoatributika.lt\/en\/wp-json\/wp\/v2\/types\/product"}],"replies":[{"embeddable":true,"href":"https:\/\/vikoatributika.lt\/en\/wp-json\/wp\/v2\/comments?post=665"}],"version-history":[{"count":2,"href":"https:\/\/vikoatributika.lt\/en\/wp-json\/wp\/v2\/product\/665\/revisions"}],"predecessor-version":[{"id":671,"href":"https:\/\/vikoatributika.lt\/en\/wp-json\/wp\/v2\/product\/665\/revisions\/671"}],"wp:featuredmedia":[{"embeddable":true,"href":"https:\/\/vikoatributika.lt\/en\/wp-json\/wp\/v2\/media\/695"}],"wp:attachment":[{"href":"https:\/\/vikoatributika.lt\/en\/wp-json\/wp\/v2\/media?parent=665"}],"wp:term":[{"taxonomy":"product_brand","embeddable":true,"href":"https:\/\/vikoatributika.lt\/en\/wp-json\/wp\/v2\/product_brand?post=665"},{"taxonomy":"product_cat","embeddable":true,"href":"https:\/\/vikoatributika.lt\/en\/wp-json\/wp\/v2\/product_cat?post=665"},{"taxonomy":"product_tag","embeddable":true,"href":"https:\/\/vikoatributika.lt\/en\/wp-json\/wp\/v2\/product_tag?post=665"}],"curies":[{"name":"wp","href":"https:\/\/api.w.org\/{rel}","templated":true}]}}