{"id":672,"date":"2025-12-11T12:27:36","date_gmt":"2025-12-11T12:27:36","guid":{"rendered":"https:\/\/vikoatributika.lt\/?post_type=product&#038;p=672"},"modified":"2026-01-02T16:24:43","modified_gmt":"2026-01-02T16:24:43","slug":"viko-kuprine","status":"publish","type":"product","link":"https:\/\/vikoatributika.lt\/en\/produktas\/viko-kuprine\/","title":{"rendered":"VIKO kuprin\u0117"},"content":{"rendered":"<p>Su Vilniaus kolegijos logotipu;<\/p>\n<p>Pagaminta i\u0161 100 % sertifikuoto perdirbto 300D poliesterio;<\/p>\n<p>Vidin\u0117 ki\u0161en\u0117 su u\u017etrauktuku;<\/p>\n<p>Pamink\u0161tinta nugarin\u0117 dalis;<\/p>\n<p>U\u017esegimas su atlenkiamu vir\u0161umi;<\/p>\n<p>Rankenos ne\u0161iojimui su dir\u017eeliais;<\/p>\n<p>Pamink\u0161tintos reguliuojamos petne\u0161os;<\/p>\n<p>Dydis: 28 x 38 x 12 cm.<\/p>\n","protected":false},"excerpt":{"rendered":"<p>Su Vilniaus kolegijos logotipu; Pagaminta i\u0161 100 % sertifikuoto perdirbto 300D poliesterio; Vidin\u0117 ki\u0161en\u0117 su u\u017etrauktuku; Pamink\u0161tinta nugarin\u0117 dalis; U\u017esegimas<\/p>\n","protected":false},"featured_media":699,"comment_status":"open","ping_status":"closed","template":"","meta":[],"product_brand":[],"product_cat":[35],"product_tag":[],"class_list":{"0":"post-672","1":"product","2":"type-product","3":"status-publish","4":"has-post-thumbnail","6":"product_cat-suvenyrai","8":"first","9":"instock","10":"taxable","11":"shipping-taxable","12":"purchasable","13":"product-type-simple"},"_links":{"self":[{"href":"https:\/\/vikoatributika.lt\/en\/wp-json\/wp\/v2\/product\/672","targetHints":{"allow":["GET"]}}],"collection":[{"href":"https:\/\/vikoatributika.lt\/en\/wp-json\/wp\/v2\/product"}],"about":[{"href":"https:\/\/vikoatributika.lt\/en\/wp-json\/wp\/v2\/types\/product"}],"replies":[{"embeddable":true,"href":"https:\/\/vikoatributika.lt\/en\/wp-json\/wp\/v2\/comments?post=672"}],"version-history":[{"count":1,"href":"https:\/\/vikoatributika.lt\/en\/wp-json\/wp\/v2\/product\/672\/revisions"}],"predecessor-version":[{"id":673,"href":"https:\/\/vikoatributika.lt\/en\/wp-json\/wp\/v2\/product\/672\/revisions\/673"}],"wp:featuredmedia":[{"embeddable":true,"href":"https:\/\/vikoatributika.lt\/en\/wp-json\/wp\/v2\/media\/699"}],"wp:attachment":[{"href":"https:\/\/vikoatributika.lt\/en\/wp-json\/wp\/v2\/media?parent=672"}],"wp:term":[{"taxonomy":"product_brand","embeddable":true,"href":"https:\/\/vikoatributika.lt\/en\/wp-json\/wp\/v2\/product_brand?post=672"},{"taxonomy":"product_cat","embeddable":true,"href":"https:\/\/vikoatributika.lt\/en\/wp-json\/wp\/v2\/product_cat?post=672"},{"taxonomy":"product_tag","embeddable":true,"href":"https:\/\/vikoatributika.lt\/en\/wp-json\/wp\/v2\/product_tag?post=672"}],"curies":[{"name":"wp","href":"https:\/\/api.w.org\/{rel}","templated":true}]}}